{"id":2,"date":"2026-04-23T10:35:13","date_gmt":"2026-04-23T10:35:13","guid":{"rendered":"https:\/\/test.nagel-edv.de\/?page_id=2"},"modified":"2026-04-23T11:56:44","modified_gmt":"2026-04-23T11:56:44","slug":"sample-page","status":"publish","type":"page","link":"https:\/\/test.nagel-edv.de\/?page_id=2","title":{"rendered":"Sample Page"},"content":{"rendered":"\t\t<div data-elementor-type=\"wp-page\" data-elementor-id=\"2\" class=\"elementor elementor-2\">\n\t\t\t\t\t\t<div class=\"elementor-element elementor-element-bc2aab1 e-con e-atomic-element e-flexbox-base\" data-id=\"bc2aab1\" data-element_type=\"e-flexbox\" data-e-type=\"e-flexbox\" data-interaction-id=\"bc2aab1\">\n\t\t\t\t\t\t\t<h2 \n\t\tdata-interaction-id=\"516fbd6\" \n\t\tclass=\"e-heading-base\" \n\t\t \n\t\t\n\t>\n\t\n\t\t\tWie kann man Homepage machen?\n\t\t<\/h2>\n\t\t\t\t<\/div>\n\t\t<div class=\"elementor-element elementor-element-b81b449 e-flex e-con-boxed e-con e-parent\" data-id=\"b81b449\" data-element_type=\"container\" data-e-type=\"container\">\n\t\t\t\t\t<div class=\"e-con-inner\">\n\t\t\t\t<div class=\"elementor-element elementor-element-7525102 elementor-widget elementor-widget-text-editor\" data-id=\"7525102\" data-element_type=\"widget\" data-e-type=\"widget\" data-widget_type=\"text-editor.default\">\n\t\t\t\t\t\t\t\t\t<p>Sie k\u00f6nnen mit dieser Webseite Homepage machen.<\/p>\t\t\t\t\t\t\t\t<\/div>\n\t\t\t\t\t<\/div>\n\t\t\t\t<\/div>\n\t\t\t\t<div class=\"elementor-element elementor-element-8821bbe e-con e-atomic-element e-flexbox-base\" data-id=\"8821bbe\" data-element_type=\"e-flexbox\" data-e-type=\"e-flexbox\" data-interaction-id=\"8821bbe\">\n\t\t\t\t\t    \t            <a\n            href=\"https:\/\/www.wordpress.com\" target=\"_self\"\n            class=\"e-button-base\"\n            data-interaction-id=\"f0fef34\"\n             \n        >\n            WordPress\n        <\/a>\n    \t\t\t\t<\/div>\n\t\t\t\t<div class=\"elementor-element elementor-element-3b95e72 e-con e-atomic-element e-flexbox-base\" data-id=\"3b95e72\" data-element_type=\"e-flexbox\" data-e-type=\"e-flexbox\" data-interaction-id=\"3b95e72\">\n\t\t\t\t\t\t\t\n\t\t<img class=\"e-image-base \" \n\t\t\t\t\tdata-interaction-id=\"81b0407\" \n\t\t \n\t\t \n\t\t\t\t\t\t\t\t\tid=\"37\"\n\t\t\t\t\t\t\t\t\t\t\t\tsrc=\"https:\/\/test.nagel-edv.de\/wp-content\/uploads\/2026\/04\/Screenshot-1-1.png\"\n\t\t\t\t\t\t\t\t\t\t\t\twidth=\"1923\"\n\t\t\t\t\t\t\t\t\t\t\t\theight=\"948\"\n\t\t\t\t\t\t\t\t\t\t\t\tsrcset=\"https:\/\/test.nagel-edv.de\/wp-content\/uploads\/2026\/04\/Screenshot-1-1.png 1923w, https:\/\/test.nagel-edv.de\/wp-content\/uploads\/2026\/04\/Screenshot-1-1-300x148.png 300w, https:\/\/test.nagel-edv.de\/wp-content\/uploads\/2026\/04\/Screenshot-1-1-1024x505.png 1024w, https:\/\/test.nagel-edv.de\/wp-content\/uploads\/2026\/04\/Screenshot-1-1-768x379.png 768w, https:\/\/test.nagel-edv.de\/wp-content\/uploads\/2026\/04\/Screenshot-1-1-1536x757.png 1536w\"\n\t\t\t\t\t\t\t\t\t\t\t\talt=\"\"\n\t\t\t\t\t\t\/>\n\t\t\t\t\t<\/div>\n\t\t<div class=\"elementor-element elementor-element-5de928f e-flex e-con-boxed e-con e-parent\" data-id=\"5de928f\" data-element_type=\"container\" data-e-type=\"container\">\n\t\t\t\t\t<div class=\"e-con-inner\">\n\t\t\t\t<div class=\"elementor-element elementor-element-b7e7bbd elementor-widget elementor-widget-text-editor\" data-id=\"b7e7bbd\" data-element_type=\"widget\" data-e-type=\"widget\" data-widget_type=\"text-editor.default\">\n\t\t\t\t\t\t\t\t\t<p>Dann k\u00f6nnen Sie mit diesem Video lernen und probieren<\/p>\t\t\t\t\t\t\t\t<\/div>\n\t\t\t\t\t<\/div>\n\t\t\t\t<\/div>\n\t\t\t\t<div class=\"elementor-element elementor-element-f65ae29 e-con e-atomic-element e-flexbox-base\" data-id=\"f65ae29\" data-element_type=\"e-flexbox\" data-e-type=\"e-flexbox\" data-interaction-id=\"f65ae29\">\n\t\t\t\t\t\t\t\t\t<div data-id=\"4f19253\" data-interaction-id=\"4f19253\" data-e-type=\"e-youtube\"  class=\"e-youtube-base\"  data-settings=\"&#x7B;&quot;source&quot;&#x3A;&quot;https&#x3A;&#x5C;&#x2F;&#x5C;&#x2F;youtu.be&#x5C;&#x2F;zd5_MN-6kqs&#x3F;si&#x3D;3hXYoVoCAFTFzbjT&quot;,&quot;autoplay&quot;&#x3A;false,&quot;mute&quot;&#x3A;false,&quot;controls&quot;&#x3A;true,&quot;cc_load_policy&quot;&#x3A;false,&quot;loop&quot;&#x3A;false,&quot;rel&quot;&#x3A;true,&quot;start&quot;&#x3A;null,&quot;end&quot;&#x3A;null,&quot;privacy&quot;&#x3A;false,&quot;lazyload&quot;&#x3A;false&#x7D;\"><\/div>\n\t\t\t\t<\/div>\n\t\t\t\t<div class=\"elementor-element elementor-element-2ffa01c e-con e-atomic-element e-flexbox-base\" data-id=\"2ffa01c\" data-element_type=\"e-flexbox\" data-e-type=\"e-flexbox\" data-interaction-id=\"2ffa01c\">\n\t\t\t\t<div class=\"elementor-element elementor-element-6fcee3b elementor-widget elementor-widget-text-editor\" data-id=\"6fcee3b\" data-element_type=\"widget\" data-e-type=\"widget\" data-widget_type=\"text-editor.default\">\n\t\t\t\t\t\t\t\t\t<p><span style=\"text-decoration: underline;\"><strong>Jetzt haben Sie ein wundersch\u00f6n Homepage<\/strong><\/span><\/p>\t\t\t\t\t\t\t\t<\/div>\n\t\t\t\t<\/div>\n\t\t<div class=\"elementor-element elementor-element-9420407 e-flex e-con-boxed e-con e-parent\" data-id=\"9420407\" data-element_type=\"container\" data-e-type=\"container\">\n\t\t\t\t\t<div class=\"e-con-inner\">\n\t\t\t\t\t\t\t<h2 \n\t\tdata-interaction-id=\"b2434a3\" \n\t\tclass=\"e-heading-base\" \n\t\t \n\t\t\n\t>\n\t\n\t\t\tViel Erfolg!\n\t\t<\/h2>\n\t\t\t\t<div class=\"elementor-element elementor-element-f3ca2ba elementor-view-default elementor-widget elementor-widget-icon\" data-id=\"f3ca2ba\" data-element_type=\"widget\" data-e-type=\"widget\" data-widget_type=\"icon.default\">\n\t\t\t\t\t\t\t<div class=\"elementor-icon-wrapper\">\n\t\t\t<div class=\"elementor-icon\">\n\t\t\t<svg aria-hidden=\"true\" class=\"e-font-icon-svg e-fas-tv\" viewBox=\"0 0 640 512\" xmlns=\"http:\/\/www.w3.org\/2000\/svg\"><path d=\"M592 0H48A48 48 0 0 0 0 48v320a48 48 0 0 0 48 48h240v32H112a16 16 0 0 0-16 16v32a16 16 0 0 0 16 16h416a16 16 0 0 0 16-16v-32a16 16 0 0 0-16-16H352v-32h240a48 48 0 0 0 48-48V48a48 48 0 0 0-48-48zm-16 352H64V64h512z\"><\/path><\/svg>\t\t\t<\/div>\n\t\t<\/div>\n\t\t\t\t\t\t<\/div>\n\t\t\t\t\t<\/div>\n\t\t\t\t<\/div>\n\t\t\t\t<\/div>\n\t\t","protected":false},"excerpt":{"rendered":"<p>Wie kann man Homepage machen? Sie k\u00f6nnen mit dieser Webseite Homepage machen. WordPress Dann k\u00f6nnen Sie mit diesem Video lernen und probieren Jetzt haben Sie ein wundersch\u00f6n Homepage Viel Erfolg!<\/p>\n","protected":false},"author":1,"featured_media":0,"parent":0,"menu_order":0,"comment_status":"closed","ping_status":"open","template":"","meta":{"footnotes":""},"class_list":["post-2","page","type-page","status-publish","hentry"],"_links":{"self":[{"href":"https:\/\/test.nagel-edv.de\/index.php?rest_route=\/wp\/v2\/pages\/2","targetHints":{"allow":["GET"]}}],"collection":[{"href":"https:\/\/test.nagel-edv.de\/index.php?rest_route=\/wp\/v2\/pages"}],"about":[{"href":"https:\/\/test.nagel-edv.de\/index.php?rest_route=\/wp\/v2\/types\/page"}],"author":[{"embeddable":true,"href":"https:\/\/test.nagel-edv.de\/index.php?rest_route=\/wp\/v2\/users\/1"}],"replies":[{"embeddable":true,"href":"https:\/\/test.nagel-edv.de\/index.php?rest_route=%2Fwp%2Fv2%2Fcomments&post=2"}],"version-history":[{"count":42,"href":"https:\/\/test.nagel-edv.de\/index.php?rest_route=\/wp\/v2\/pages\/2\/revisions"}],"predecessor-version":[{"id":62,"href":"https:\/\/test.nagel-edv.de\/index.php?rest_route=\/wp\/v2\/pages\/2\/revisions\/62"}],"wp:attachment":[{"href":"https:\/\/test.nagel-edv.de\/index.php?rest_route=%2Fwp%2Fv2%2Fmedia&parent=2"}],"curies":[{"name":"wp","href":"https:\/\/api.w.org\/{rel}","templated":true}]}}